{"id":323,"date":"2021-09-21T14:04:35","date_gmt":"2021-09-21T12:04:35","guid":{"rendered":"https:\/\/incredibledestinations.events\/?page_id=323"},"modified":"2021-09-21T14:10:00","modified_gmt":"2021-09-21T12:10:00","slug":"politika-privatnosti","status":"publish","type":"page","link":"https:\/\/incredibledestinations.events\/sr\/politika-privatnosti\/","title":{"rendered":"Politika privatnosti"},"content":{"rendered":"[vc_row type=&#8220;in_container&#8220; full_screen_row_position=&#8220;middle&#8220; column_margin=&#8220;default&#8220; column_direction=&#8220;default&#8220; column_direction_tablet=&#8220;default&#8220; column_direction_phone=&#8220;default&#8220; scene_position=&#8220;center&#8220; text_color=&#8220;dark&#8220; text_align=&#8220;left&#8220; row_border_radius=&#8220;none&#8220; row_border_radius_applies=&#8220;bg&#8220; overlay_strength=&#8220;0.3&#8243; gradient_direction=&#8220;left_to_right&#8220; shape_divider_position=&#8220;bottom&#8220; bg_image_animation=&#8220;none&#8220;][vc_column column_padding=&#8220;no-extra-padding&#8220; column_padding_tablet=&#8220;inherit&#8220; column_padding_phone=&#8220;inherit&#8220; column_padding_position=&#8220;all&#8220; column_element_spacing=&#8220;default&#8220; background_color_opacity=&#8220;1&#8243; background_hover_color_opacity=&#8220;1&#8243; column_shadow=&#8220;none&#8220; column_border_radius=&#8220;none&#8220; column_link_target=&#8220;_self&#8220; gradient_direction=&#8220;left_to_right&#8220; overlay_strength=&#8220;0.3&#8243; width=&#8220;1\/1&#8243; tablet_width_inherit=&#8220;default&#8220; tablet_text_alignment=&#8220;default&#8220; phone_text_alignment=&#8220;default&#8220; bg_image_animation=&#8220;none&#8220; border_type=&#8220;simple&#8220; column_border_width=&#8220;none&#8220; column_border_style=&#8220;solid&#8220;][vc_column_text]Fondacija EXIT (adresa: Kisa\u010dka 5, 21000 Novi Sad, Srbija; email: <a href=\"mailto:answerme@exitfest.org\">answerme@exitfest.org<\/a>), <a href=\"https:\/\/incredibledestinations.events\" target=\"_blank\" rel=\"noopener\">www.incredibledestinations.events<\/a> (u daljem tekstu Sajt) se trudi da Vam pru\u017ei \u0161to kvalitetniju uslugu, prilago\u0111enu upotrebi \u0161to ve\u0107eg broja korisnika. Da bismo u ovome bili \u0161to efikasniji, prikupljamo slede\u0107u vrstu informacija:<\/p>\n<h3>Javni podaci<\/h3>\n<p>Na\u010delno, mogu\u0107e je da koristite Sajt bez otkrivanja Va\u0161eg identiteta ili drugih podataka koji se odnose na njega.<\/p>\n<p>Prilikom posete Sajta, prikupljamo podatke koji evidentiraju korisnike i oni nisu dovoljni za identifikaciju odre\u0111ene osobe, ve\u0107 slu\u017ee kao statisti\u010dki pokazatelji za pobolj\u0161anje kvaliteta pru\u017eene usluge. Takve informacije mogu biti broj poseta, prose\u010dno vreme provedeno na stranici, tip ra\u010dunara, tip mobilnog ure\u0111aja, tehni\u010dke informacije o konekciji koju korisnik koristi, operativni sistem, isporu\u010dilac Internet usluge i samo IP adresu dodeljenu od strane Internet provajdera koja je razli\u010dita za svakog korisnika.<\/p>\n<h3>Li\u010dni podaci<\/h3>\n<p>Prilikom svakog kontakta putem kontakt formulara, kontakt maila, direktnog poziva i dru\u0161tvenih mre\u017ea mo\u017eemo od Vas da tra\u017eimo li\u010dne podatke, odnosno ime i prezime, imejl adresu, broj telefona i adresu. Na ovaj na\u010din ostvarujemo efikasnu komunikaciju sa Vama kako bismo Vam odgovorili na sve mogu\u0107e upite.<\/p>\n<h3>Obrada podataka<\/h3>\n<p>Fondacija EXIT zadr\u017eava pravo prikupljanja i deljenja podataka unutar pravnih lica i drugih subjekata koji su organizatori, u\u010desnici i saradnici u organizaciji festivala i drugih manifestacija i aktivnosti koje se organizuju i realizuju pod brendom EXIT i\/ili u vezi sa istim, kao i sa tre\u0107im licima u informativne, promotivne i marketin\u0161ke svrhe. Ovo radimo da bismo pobolj\u0161ali celokupno iskustvo i rasteretili od dvostrukog zahteva za pru\u017eanje istih podataka, u cilju potvrde ta\u010dnosti u samim bazama.<\/p>\n<h3>Bezbednost i \u010duvanje podataka<\/h3>\n<p>Za\u0161tita podataka je integrisana u sam dizajn Sajta, a postavke privatnosti postavljene su na podrazumevani visoki nivo. Sva komunikacija izme\u0111u korisnika i Sajta odvija se putem sigurnog \u0161ifrovanog protokola (https).<\/p>\n<p>Obrada va\u0161ih li\u010dnih podataka vr\u0161i\u0107e se u skladu sa propisima za za\u0161titu li\u010dnih podataka u Srbiji, preduzimaju\u0107i sve propisane tehni\u010dke i organizacione mere za obezbe\u0111ivanje poverljivosti i za\u0161tite u procesu obrade li\u010dnih podataka koje imamo.<\/p>\n<p>Fondacija EXIT je u obavezi da \u010duva sve poverljive informacije prilikom obavljanja svojih delatnosti i primenjuje mere bezbednosti za prikupljanje, \u010duvanje i obradu informacija radi za\u0161tite od neovla\u0161\u0107enog pristupa, izmene, otkrivanja ili uni\u0161tavanja va\u0161ih li\u010dnih podataka, kao i za to da li\u010dni podaci mogu biti otkriveni samo nadle\u017enim organima u postupku predvi\u0111enom zakonom.<\/p>\n<p>Podaci koje ostavljate \u010duvaju se u odre\u0111enom vremenskom periodu, to jest ne du\u017ee od perioda gde je to neophodno. Tokom ovog perioda zadr\u017eavate sva svoja prava kao \u0161to su prava pristupa, ispravke, brisanja, ograni\u010davanja obrade, prenosa, prigovora i pravo da se ne podle\u017ee automatizovanom odlu\u010divanju, uklju\u010duju\u0107i i pravljenje profila.<\/p>\n<h3>Kola\u010di\u0107i (cookies)<\/h3>\n<p>Kada posetite Sajt \u0161alje se jedan ili vi\u0161e kola\u010di\u0107a (mala datoteka koja se sastoji od niza koda) Va\u0161em ra\u010dunaru, i oni predstavljaju jedinstvenu identifikaciju Va\u0161eg pregleda\u010da. Sajt koristi kola\u010di\u0107e kako bismo pobolj\u0161ali kvalitet usluga tako \u0161to \u010duva korisni\u010dka pode\u0161avanja i prati posete korisnika.<\/p>\n<h3>Informacije o posetama<\/h3>\n<p>Osim servera, Sajt koristi usluge Google Analytics i Facebook Pixel koje se koriste da bi pobolj\u0161ale Va\u0161e korisni\u010dko iskustvo. Kada pose\u0107ujete sajtove koji koriste Google analitiku i Facebook Pixel, Google i korisnik Google analitike, tj. Facebook i korisnik Facebook piksela mogu da pove\u017eu informacije o va\u0161im aktivnostima sa tog sajta sa aktivnostima sa drugih sajtova (i dru\u0161tvenih mre\u017ea) koji koriste usluge ogla\u0161avanja.<\/p>\n<h3>Va\u0161a prava<\/h3>\n<p>U svakom trenutku mo\u017eete da nam se obratiti da biste saznali koje podatke o Va\u0161im aktivnostima imamo sa\u010duvane na na\u0161im serverima. Tako\u0111e, mo\u017eete nam se obratiti za uklanjanje istih. U nekim slu\u010dajevima, mo\u017eemo odbiti da uklonimo i mo\u017eemo zadr\u017eati podatke u ograni\u010denim periodima kada treba da ih zadr\u017eimo u zakonite poslovne ili pravne svrhe.<\/p>\n<p>Ako nam zatra\u017eite uklanjanje podataka ili sadr\u017eaja vezanih za Va\u0161 nalog, poku\u0161a\u0107emo da se uverimo i da Vas za\u0161titimo od slu\u010dajnog ili zlonamernog brisanja. Iz tog razloga, mo\u017eemo zatra\u017eiti dodatnu proveru Va\u0161eg identiteta (na primer putem mejla ili telefona), i mo\u017ee da pro\u0111e izvesno vreme od trenutka kada zatra\u017eite brisanje do trenutka kada se uklanjanje izvr\u0161i.<\/p>\n<p>Podatke \u0107emo deliti sa tre\u0107im licima ako, u dobroj nameri, verujemo da je pristupanje informacijama, njihovo kori\u0161\u0107enje, \u010duvanje ili otkrivanje u razumnoj meri neophodno:<\/p>\n<ul>\n<li>da bi se postupalo u skladu sa va\u017ee\u0107im zakonima, propisima, pravnim procesima ili izvr\u0161nim zahtevima dr\u017eavnih organa;<\/li>\n<li>da bi se primenili va\u017ee\u0107i uslovi kori\u0161\u0107enja usluge, uklju\u010duju\u0107i istra\u017eivanje potencijalnih kr\u0161enja ovih uslova;<\/li>\n<li>da bi se otkrili, spre\u010dili ili na neki drugi na\u010din re\u0161ili problemi sa prevarama i bezbedno\u0161\u0107u ili tehni\u010dki problemi;<\/li>\n<li>da bi se za\u0161titila prava, svojina ili bezbednost Sajta, na\u0161ih korisnika ili javnosti onako kako je propisano ili dozvoljeno zakonom.<\/li>\n<\/ul>\n<p>Sajt mo\u017ee u bilo kom trenutku promeniti politiku privatnosti, bez prethodnog obave\u0161tenja.<\/p>\n<p>Svaka promena Politike privatnosti \u0107e biti nagla\u0161ena na samom po\u010detku ove stranice.[\/vc_column_text][\/vc_column][\/vc_row][vc_row type=&#8220;in_container&#8220; full_screen_row_position=&#8220;middle&#8220; column_margin=&#8220;default&#8220; column_direction=&#8220;default&#8220; column_direction_tablet=&#8220;default&#8220; column_direction_phone=&#8220;default&#8220; scene_position=&#8220;center&#8220; text_color=&#8220;dark&#8220; text_align=&#8220;left&#8220; row_border_radius=&#8220;none&#8220; row_border_radius_applies=&#8220;bg&#8220; overlay_strength=&#8220;0.3&#8243; gradient_direction=&#8220;left_to_right&#8220; shape_divider_position=&#8220;bottom&#8220; bg_image_animation=&#8220;none&#8220;][vc_column column_padding=&#8220;no-extra-padding&#8220; column_padding_tablet=&#8220;inherit&#8220; column_padding_phone=&#8220;inherit&#8220; column_padding_position=&#8220;all&#8220; column_element_spacing=&#8220;default&#8220; centered_text=&#8220;true&#8220; background_color_opacity=&#8220;1&#8243; background_hover_color_opacity=&#8220;1&#8243; column_shadow=&#8220;none&#8220; column_border_radius=&#8220;none&#8220; column_link_target=&#8220;_self&#8220; gradient_direction=&#8220;left_to_right&#8220; overlay_strength=&#8220;0.3&#8243; width=&#8220;1\/1&#8243; tablet_width_inherit=&#8220;default&#8220; tablet_text_alignment=&#8220;default&#8220; phone_text_alignment=&#8220;default&#8220; bg_image_animation=&#8220;none&#8220; border_type=&#8220;simple&#8220; column_border_width=&#8220;none&#8220; column_border_style=&#8220;solid&#8220;][divider line_type=&#8220;Full Width Line&#8220; line_thickness=&#8220;1&#8243; divider_color=&#8220;default&#8220;][nectar_btn size=&#8220;medium&#8220; button_style=&#8220;regular&#8220; button_color_2=&#8220;Extra-Color-3&#8243; solid_text_color_override=&#8220;#ffffff&#8220; icon_family=&#8220;none&#8220; text=&#8220;Nazad na po\u010detnu&#8220; url=&#8220;https:\/\/incredibledestinations.events\/sr\/&#8220;][\/vc_column][\/vc_row]\n","protected":false},"excerpt":{"rendered":"<p>[vc_row type=&#8220;in_container&#8220; full_screen_row_position=&#8220;middle&#8220; column_margin=&#8220;default&#8220; column_direction=&#8220;default&#8220; column_direction_tablet=&#8220;default&#8220; column_direction_phone=&#8220;default&#8220; scene_position=&#8220;center&#8220; text_color=&#8220;dark&#8220; text_align=&#8220;left&#8220; row_border_radius=&#8220;none&#8220; row_border_radius_applies=&#8220;bg&#8220; overlay_strength=&#8220;0.3&#8243; gradient_direction=&#8220;left_to_right&#8220; shape_divider_position=&#8220;bottom&#8220; bg_image_animation=&#8220;none&#8220;][vc_column column_padding=&#8220;no-extra-padding&#8220; column_padding_tablet=&#8220;inherit&#8220; column_padding_phone=&#8220;inherit&#8220; column_padding_position=&#8220;all&#8220; column_element_spacing=&#8220;default&#8220; background_color_opacity=&#8220;1&#8243; background_hover_color_opacity=&#8220;1&#8243; column_shadow=&#8220;none&#8220; column_border_radius=&#8220;none&#8220; column_link_target=&#8220;_self&#8220; gradient_direction=&#8220;left_to_right&#8220; overlay_strength=&#8220;0.3&#8243; width=&#8220;1\/1&#8243; tablet_width_inherit=&#8220;default&#8220;&#8230;<\/p>\n","protected":false},"author":1,"featured_media":0,"parent":0,"menu_order":8,"comment_status":"closed","ping_status":"closed","template":"","meta":{"footnotes":""},"class_list":["post-323","page","type-page","status-publish"],"yoast_head":"<!-- This site is optimized with the Yoast SEO plugin v25.5 - https:\/\/yoast.com\/wordpress\/plugins\/seo\/ -->\n<title>Politika privatnosti - Incredible Destinations Events<\/title>\n<meta name=\"robots\" content=\"index, follow, max-snippet:-1, max-image-preview:large, max-video-preview:-1\" \/>\n<link rel=\"canonical\" href=\"https:\/\/incredibledestinations.events\/sr\/politika-privatnosti\/\" \/>\n<meta property=\"og:locale\" content=\"sr_RS\" \/>\n<meta property=\"og:type\" content=\"article\" \/>\n<meta property=\"og:title\" content=\"Politika privatnosti - Incredible Destinations Events\" \/>\n<meta property=\"og:description\" content=\"[vc_row type=&#8220;in_container&#8220; full_screen_row_position=&#8220;middle&#8220; column_margin=&#8220;default&#8220; column_direction=&#8220;default&#8220; column_direction_tablet=&#8220;default&#8220; column_direction_phone=&#8220;default&#8220; scene_position=&#8220;center&#8220; text_color=&#8220;dark&#8220; text_align=&#8220;left&#8220; row_border_radius=&#8220;none&#8220; row_border_radius_applies=&#8220;bg&#8220; overlay_strength=&#8220;0.3&#8243; gradient_direction=&#8220;left_to_right&#8220; shape_divider_position=&#8220;bottom&#8220; bg_image_animation=&#8220;none&#8220;][vc_column column_padding=&#8220;no-extra-padding&#8220; column_padding_tablet=&#8220;inherit&#8220; column_padding_phone=&#8220;inherit&#8220; column_padding_position=&#8220;all&#8220; column_element_spacing=&#8220;default&#8220; background_color_opacity=&#8220;1&#8243; background_hover_color_opacity=&#8220;1&#8243; column_shadow=&#8220;none&#8220; column_border_radius=&#8220;none&#8220; column_link_target=&#8220;_self&#8220; gradient_direction=&#8220;left_to_right&#8220; overlay_strength=&#8220;0.3&#8243; width=&#8220;1\/1&#8243; tablet_width_inherit=&#8220;default&#8220;...\" \/>\n<meta property=\"og:url\" content=\"https:\/\/incredibledestinations.events\/sr\/politika-privatnosti\/\" \/>\n<meta property=\"og:site_name\" content=\"Incredible Destinations Events\" \/>\n<meta property=\"article:modified_time\" content=\"2021-09-21T12:10:00+00:00\" \/>\n<meta property=\"og:image\" content=\"https:\/\/incredibledestinations.events\/wp-content\/uploads\/2021\/09\/ide-landing.jpg\" \/>\n\t<meta property=\"og:image:width\" content=\"1800\" \/>\n\t<meta property=\"og:image:height\" content=\"813\" \/>\n\t<meta property=\"og:image:type\" content=\"image\/jpeg\" \/>\n<meta name=\"twitter:card\" content=\"summary_large_image\" \/>\n<meta name=\"twitter:label1\" content=\"Procenjeno vreme \u010ditanja\" \/>\n\t<meta name=\"twitter:data1\" content=\"4 minuta\" \/>\n<script type=\"application\/ld+json\" class=\"yoast-schema-graph\">{\"@context\":\"https:\/\/schema.org\",\"@graph\":[{\"@type\":\"WebPage\",\"@id\":\"https:\/\/incredibledestinations.events\/sr\/politika-privatnosti\/\",\"url\":\"https:\/\/incredibledestinations.events\/sr\/politika-privatnosti\/\",\"name\":\"Politika privatnosti - Incredible Destinations Events\",\"isPartOf\":{\"@id\":\"https:\/\/incredibledestinations.events\/sr\/#website\"},\"datePublished\":\"2021-09-21T12:04:35+00:00\",\"dateModified\":\"2021-09-21T12:10:00+00:00\",\"breadcrumb\":{\"@id\":\"https:\/\/incredibledestinations.events\/sr\/politika-privatnosti\/#breadcrumb\"},\"inLanguage\":\"sr-RS\",\"potentialAction\":[{\"@type\":\"ReadAction\",\"target\":[\"https:\/\/incredibledestinations.events\/sr\/politika-privatnosti\/\"]}]},{\"@type\":\"BreadcrumbList\",\"@id\":\"https:\/\/incredibledestinations.events\/sr\/politika-privatnosti\/#breadcrumb\",\"itemListElement\":[{\"@type\":\"ListItem\",\"position\":1,\"name\":\"Home\",\"item\":\"https:\/\/incredibledestinations.events\/sr\/\"},{\"@type\":\"ListItem\",\"position\":2,\"name\":\"Politika privatnosti\"}]},{\"@type\":\"WebSite\",\"@id\":\"https:\/\/incredibledestinations.events\/sr\/#website\",\"url\":\"https:\/\/incredibledestinations.events\/sr\/\",\"name\":\"Incredible Destinations Events\",\"description\":\"\",\"potentialAction\":[{\"@type\":\"SearchAction\",\"target\":{\"@type\":\"EntryPoint\",\"urlTemplate\":\"https:\/\/incredibledestinations.events\/sr\/?s={search_term_string}\"},\"query-input\":{\"@type\":\"PropertyValueSpecification\",\"valueRequired\":true,\"valueName\":\"search_term_string\"}}],\"inLanguage\":\"sr-RS\"}]}<\/script>\n<!-- \/ Yoast SEO plugin. -->","yoast_head_json":{"title":"Politika privatnosti - Incredible Destinations Events","robots":{"index":"index","follow":"follow","max-snippet":"max-snippet:-1","max-image-preview":"max-image-preview:large","max-video-preview":"max-video-preview:-1"},"canonical":"https:\/\/incredibledestinations.events\/sr\/politika-privatnosti\/","og_locale":"sr_RS","og_type":"article","og_title":"Politika privatnosti - Incredible Destinations Events","og_description":"[vc_row type=&#8220;in_container&#8220; full_screen_row_position=&#8220;middle&#8220; column_margin=&#8220;default&#8220; column_direction=&#8220;default&#8220; column_direction_tablet=&#8220;default&#8220; column_direction_phone=&#8220;default&#8220; scene_position=&#8220;center&#8220; text_color=&#8220;dark&#8220; text_align=&#8220;left&#8220; row_border_radius=&#8220;none&#8220; row_border_radius_applies=&#8220;bg&#8220; overlay_strength=&#8220;0.3&#8243; gradient_direction=&#8220;left_to_right&#8220; shape_divider_position=&#8220;bottom&#8220; bg_image_animation=&#8220;none&#8220;][vc_column column_padding=&#8220;no-extra-padding&#8220; column_padding_tablet=&#8220;inherit&#8220; column_padding_phone=&#8220;inherit&#8220; column_padding_position=&#8220;all&#8220; column_element_spacing=&#8220;default&#8220; background_color_opacity=&#8220;1&#8243; background_hover_color_opacity=&#8220;1&#8243; column_shadow=&#8220;none&#8220; column_border_radius=&#8220;none&#8220; column_link_target=&#8220;_self&#8220; gradient_direction=&#8220;left_to_right&#8220; overlay_strength=&#8220;0.3&#8243; width=&#8220;1\/1&#8243; tablet_width_inherit=&#8220;default&#8220;...","og_url":"https:\/\/incredibledestinations.events\/sr\/politika-privatnosti\/","og_site_name":"Incredible Destinations Events","article_modified_time":"2021-09-21T12:10:00+00:00","og_image":[{"width":1800,"height":813,"url":"https:\/\/incredibledestinations.events\/wp-content\/uploads\/2021\/09\/ide-landing.jpg","type":"image\/jpeg"}],"twitter_card":"summary_large_image","twitter_misc":{"Procenjeno vreme \u010ditanja":"4 minuta"},"schema":{"@context":"https:\/\/schema.org","@graph":[{"@type":"WebPage","@id":"https:\/\/incredibledestinations.events\/sr\/politika-privatnosti\/","url":"https:\/\/incredibledestinations.events\/sr\/politika-privatnosti\/","name":"Politika privatnosti - Incredible Destinations Events","isPartOf":{"@id":"https:\/\/incredibledestinations.events\/sr\/#website"},"datePublished":"2021-09-21T12:04:35+00:00","dateModified":"2021-09-21T12:10:00+00:00","breadcrumb":{"@id":"https:\/\/incredibledestinations.events\/sr\/politika-privatnosti\/#breadcrumb"},"inLanguage":"sr-RS","potentialAction":[{"@type":"ReadAction","target":["https:\/\/incredibledestinations.events\/sr\/politika-privatnosti\/"]}]},{"@type":"BreadcrumbList","@id":"https:\/\/incredibledestinations.events\/sr\/politika-privatnosti\/#breadcrumb","itemListElement":[{"@type":"ListItem","position":1,"name":"Home","item":"https:\/\/incredibledestinations.events\/sr\/"},{"@type":"ListItem","position":2,"name":"Politika privatnosti"}]},{"@type":"WebSite","@id":"https:\/\/incredibledestinations.events\/sr\/#website","url":"https:\/\/incredibledestinations.events\/sr\/","name":"Incredible Destinations Events","description":"","potentialAction":[{"@type":"SearchAction","target":{"@type":"EntryPoint","urlTemplate":"https:\/\/incredibledestinations.events\/sr\/?s={search_term_string}"},"query-input":{"@type":"PropertyValueSpecification","valueRequired":true,"valueName":"search_term_string"}}],"inLanguage":"sr-RS"}]}},"_links":{"self":[{"href":"https:\/\/incredibledestinations.events\/sr\/wp-json\/wp\/v2\/pages\/323","targetHints":{"allow":["GET"]}}],"collection":[{"href":"https:\/\/incredibledestinations.events\/sr\/wp-json\/wp\/v2\/pages"}],"about":[{"href":"https:\/\/incredibledestinations.events\/sr\/wp-json\/wp\/v2\/types\/page"}],"author":[{"embeddable":true,"href":"https:\/\/incredibledestinations.events\/sr\/wp-json\/wp\/v2\/users\/1"}],"replies":[{"embeddable":true,"href":"https:\/\/incredibledestinations.events\/sr\/wp-json\/wp\/v2\/comments?post=323"}],"version-history":[{"count":3,"href":"https:\/\/incredibledestinations.events\/sr\/wp-json\/wp\/v2\/pages\/323\/revisions"}],"predecessor-version":[{"id":334,"href":"https:\/\/incredibledestinations.events\/sr\/wp-json\/wp\/v2\/pages\/323\/revisions\/334"}],"wp:attachment":[{"href":"https:\/\/incredibledestinations.events\/sr\/wp-json\/wp\/v2\/media?parent=323"}],"curies":[{"name":"wp","href":"https:\/\/api.w.org\/{rel}","templated":true}]}}