{"id":301,"date":"2021-09-21T13:38:33","date_gmt":"2021-09-21T11:38:33","guid":{"rendered":"https:\/\/incredibledestinations.events\/?page_id=301"},"modified":"2021-09-21T14:09:40","modified_gmt":"2021-09-21T12:09:40","slug":"uslovi-koriscenja","status":"publish","type":"page","link":"https:\/\/incredibledestinations.events\/sr\/uslovi-koriscenja\/","title":{"rendered":"Uslovi kori\u0161\u0107enja"},"content":{"rendered":"[vc_row type=&#8220;in_container&#8220; full_screen_row_position=&#8220;middle&#8220; column_margin=&#8220;default&#8220; column_direction=&#8220;default&#8220; column_direction_tablet=&#8220;default&#8220; column_direction_phone=&#8220;default&#8220; scene_position=&#8220;center&#8220; text_color=&#8220;dark&#8220; text_align=&#8220;left&#8220; row_border_radius=&#8220;none&#8220; row_border_radius_applies=&#8220;bg&#8220; overlay_strength=&#8220;0.3&#8243; gradient_direction=&#8220;left_to_right&#8220; shape_divider_position=&#8220;bottom&#8220; bg_image_animation=&#8220;none&#8220;][vc_column column_padding=&#8220;no-extra-padding&#8220; column_padding_tablet=&#8220;inherit&#8220; column_padding_phone=&#8220;inherit&#8220; column_padding_position=&#8220;all&#8220; column_element_spacing=&#8220;default&#8220; background_color_opacity=&#8220;1&#8243; background_hover_color_opacity=&#8220;1&#8243; column_shadow=&#8220;none&#8220; column_border_radius=&#8220;none&#8220; column_link_target=&#8220;_self&#8220; gradient_direction=&#8220;left_to_right&#8220; overlay_strength=&#8220;0.3&#8243; width=&#8220;1\/1&#8243; tablet_width_inherit=&#8220;default&#8220; tablet_text_alignment=&#8220;default&#8220; phone_text_alignment=&#8220;default&#8220; bg_image_animation=&#8220;none&#8220; border_type=&#8220;simple&#8220; column_border_width=&#8220;none&#8220; column_border_style=&#8220;solid&#8220;][vc_column_text]Hvala \u0161to ste posetili zvani\u010dnu internet prezentaciju projekta Incredible Destinations Events. Va\u0161 pristup, kao i kori\u0161\u0107enje Incredible Destinations Events internet prezentacije (u daljem tekstu: Sajt) podle\u017ee uslovima kori\u0161\u0107enja i va\u017ee\u0107im zakonskim propisima koji ure\u0111uju ovu oblast.<\/p>\n<p>Pristupom i kori\u0161\u0107enjem Sajta, prihvatate bez ograni\u010denja, ove uslove kori\u0161\u0107enja. Ukoliko ne prihvatate ove uslove bez ograni\u010denja, molimo Vas da napustite ovaj Sajt.<\/p>\n<p>Pristup Sajtu podlo\u017ean je dole navedenim uslovima i odredbama:<\/p>\n<h3>Uslovi kori\u0161\u0107enja informacija<\/h3>\n<p>Sve informacije dostupne na ovom Sajtu isklju\u010divo su informativnog karaktera i ne smeju se koristiti u komercijalne svrhe niti distribuirati tre\u0107im licima.<\/p>\n<p>Informacije koje Fondacija EXIT (adresa: Kisa\u010dka 5, 21000 Novi Sad, Srbija; email: <a href=\"mailto:answerme@exitfest.org\">answerme@exitfest.org<\/a>) objavljuje na ovoj Internet prezentaciji smatraju se ta\u010dnima i pouzdanima u vreme njihovog uno\u0161enja. Fondacija EXIT mo\u017ee u svakom trenutku, bez prethodne najave a\u017eurirati postoje\u0107e ili dodati nove informacije na ovoj Internet prezentaciji.<\/p>\n<p>Fondacija EXIT ne garantuje da \u0107e internet Sajt funkcionisati bez prekida ili gre\u0161aka, da \u0107e nedostaci biti blagovremeno ispravljani ili da je internet Sajt kompatibilan sa va\u0161im hardverom ili softverom. Informacije date na ovom internet Sajtu ne treba tuma\u010diti kao savete za dono\u0161enje odluka bilo koje vrste. Ukoliko postoje nejasno\u0107e prilikom Va\u0161e upotrebe Sajta, molimo Vas da nas kontaktirate putem kontakt stranice.<\/p>\n<h3>Vlasni\u0161tvo sadr\u017eaja<\/h3>\n<p>Kompletan sadr\u017eaj, odnosno tekstovi, logotipi, grafika, slike, audio materijal i ostali materijal na Sajtu (u daljem tekstu: sadr\u017eaj), jesu autorsko pravo ili vlasni\u0161tvo Fondacije EXIT ili su na internet Sajt postavljeni uz dozvolu vlasnika ili ovla\u0161\u0107enog nosioca prava. Kori\u0161\u0107enje sadr\u017eaja, osim na na\u010din opisan u ovim uslovima kori\u0161\u0107enja, bez pisane dozvole vlasnika sadr\u017eaja je strogo zabranjeno. Fondacija EXIT \u0107e za\u0161tititi svoja autorska prava, svoja prava intelektualne svojine i ostala srodna prava, kao i druga prava, u najve\u0107oj meri dozvoljenoj zakonom, uklju\u010duju\u0107i i krivi\u010dno gonjenje.<\/p>\n<h3>Izuze\u0107e od odgovornosti<\/h3>\n<p>Upotrebom ovog Sajta saglasni ste da koristite Sajt na sopstvenu odgovornost. Fondacija EXIT, niti bilo koje povezano ili zavisno pravno lice ili ogranak, zaposleni ili rukovodilac, kao ni bilo koje tre\u0107e lice anga\u017eovano od strane Fondacije EXIT u kreiranju, proizvodnji ili postavljanju i odr\u017eavanju sajta nisu odgovorni za materijalnu ili nematerijalnu \u0161tetu, direktnu, indirektnu ili posledi\u010dnu \u0161tetu, kao i bilo koju drugu \u0161tetu koja nastane iz kori\u0161\u0107enja ili je u nekoj vezi sa kori\u0161\u0107enjem sajta ili njegovog sadr\u017eaja, bilo da je \u0161teta zasnovana na ugovoru, da je vanugovorna ili deliktna, \u010dak i pored ne\u010dijeg upozorenja da \u0161teta mo\u017ee nastati. Imajte na umu da neke okolnosti kao i nadle\u017enost odre\u0111enih dr\u017eavnih organa ne dozvoljavaju izuze\u0107a odgovornosti za nastupanje od odre\u0111enih \u0161teta, tako da se neka od gore navedenih izuze\u0107a ne moraju odnositi na Vas.<\/p>\n<h3>Linkovi sa sajtovima tre\u0107ih lica<\/h3>\n<p>Sajt sadr\u017ei linkove drugih internet Sajtova \u010diji vlasnik ili korisnik nije Fondacija EXIT. Takvi linkovi su obezbe\u0111eni isklju\u010divo da bi Vama pru\u017eili \u0161to vi\u0161e informacija. Fondacija EXIT ne kontroli\u0161e i nije odgovorna za rad, sadr\u017eaj, politiku privatnosti ili bezbednost ovih Sajtova. Fondacija EXIT ne kontroli\u0161e sadr\u017eaj ili proizvode ili usluge dostupne na ovim internet Sajtovima. Ako uspostavite vezu sa takvim internet Sajtovima preko linka na na\u0161em internet Sajtu, to \u010dinite na sopstveni rizik i bez saglasnosti Fondacije EXIT.<\/p>\n<h3>Privatnost<\/h3>\n<p>Svi li\u010dni podaci (npr. va\u0161e ime, adresa, broj telefona ili e-mail adresa) koje ostavite na Sajtu putem elektronske po\u0161te ili na neki drugi na\u010din, koristi\u0107e Fondacija EXIT u skladu sa politikom privatnosti Sajta.<\/p>\n<p>Bilo koja druga saop\u0161tenja ili materijali koje prenesete na Sajt, kao \u0161to su pitanja, komentari, predlozi i sli\u010dno, ne\u0107e se smatrati poverljivim informacijama niti \u0107e biti za\u0161ti\u0107eni.<\/p>\n<h3>Ograni\u010denje pristupa<\/h3>\n<p>Fondacija EXIT zadr\u017eava pravo, prema sopstvenoj odluci, da vam zabrani pristup ovom Sajtu ili nekom njegovom delu bez prethodnog upozorenja.<\/p>\n<h3>Promena\/revizija uslova kori\u0161\u0107enja<\/h3>\n<p>Fondacija EXIT zadr\u017eava pravo da bez prethodne najave promeni Uslove kori\u0161\u0107enja. Svaka promena Uslova kori\u0161\u0107enja \u0107e biti nagla\u0161ena na samom po\u010detku ove stranice. Vi \u0107ete automatski biti obavezani novim uslovima kori\u0161\u0107enja sadr\u017eanim u izmenama, te bi iz tog razloga trebalo da periodi\u010dno posetite ovu stranicu radi upoznavanja sa trenutnim uslovima upotrebe. Ove uslove upotrebe ne mo\u017eete promeniti vi, osim ako se sa time izri\u010dito ne saglasi Fondacija EXIT.[\/vc_column_text][\/vc_column][\/vc_row][vc_row type=&#8220;in_container&#8220; full_screen_row_position=&#8220;middle&#8220; column_margin=&#8220;default&#8220; column_direction=&#8220;default&#8220; column_direction_tablet=&#8220;default&#8220; column_direction_phone=&#8220;default&#8220; scene_position=&#8220;center&#8220; text_color=&#8220;dark&#8220; text_align=&#8220;left&#8220; row_border_radius=&#8220;none&#8220; row_border_radius_applies=&#8220;bg&#8220; overlay_strength=&#8220;0.3&#8243; gradient_direction=&#8220;left_to_right&#8220; shape_divider_position=&#8220;bottom&#8220; bg_image_animation=&#8220;none&#8220;][vc_column column_padding=&#8220;no-extra-padding&#8220; column_padding_tablet=&#8220;inherit&#8220; column_padding_phone=&#8220;inherit&#8220; column_padding_position=&#8220;all&#8220; column_element_spacing=&#8220;default&#8220; centered_text=&#8220;true&#8220; background_color_opacity=&#8220;1&#8243; background_hover_color_opacity=&#8220;1&#8243; column_shadow=&#8220;none&#8220; column_border_radius=&#8220;none&#8220; column_link_target=&#8220;_self&#8220; gradient_direction=&#8220;left_to_right&#8220; overlay_strength=&#8220;0.3&#8243; width=&#8220;1\/1&#8243; tablet_width_inherit=&#8220;default&#8220; tablet_text_alignment=&#8220;default&#8220; phone_text_alignment=&#8220;default&#8220; bg_image_animation=&#8220;none&#8220; border_type=&#8220;simple&#8220; column_border_width=&#8220;none&#8220; column_border_style=&#8220;solid&#8220;][divider line_type=&#8220;Full Width Line&#8220; line_thickness=&#8220;1&#8243; divider_color=&#8220;default&#8220;][nectar_btn size=&#8220;medium&#8220; button_style=&#8220;regular&#8220; button_color_2=&#8220;Extra-Color-3&#8243; solid_text_color_override=&#8220;#ffffff&#8220; icon_family=&#8220;none&#8220; text=&#8220;Nazad na po\u010detnu&#8220; url=&#8220;https:\/\/incredibledestinations.events\/sr\/&#8220;][\/vc_column][\/vc_row]\n","protected":false},"excerpt":{"rendered":"<p>[vc_row type=&#8220;in_container&#8220; full_screen_row_position=&#8220;middle&#8220; column_margin=&#8220;default&#8220; column_direction=&#8220;default&#8220; column_direction_tablet=&#8220;default&#8220; column_direction_phone=&#8220;default&#8220; scene_position=&#8220;center&#8220; text_color=&#8220;dark&#8220; text_align=&#8220;left&#8220; row_border_radius=&#8220;none&#8220; row_border_radius_applies=&#8220;bg&#8220; overlay_strength=&#8220;0.3&#8243; gradient_direction=&#8220;left_to_right&#8220; shape_divider_position=&#8220;bottom&#8220; bg_image_animation=&#8220;none&#8220;][vc_column column_padding=&#8220;no-extra-padding&#8220; column_padding_tablet=&#8220;inherit&#8220; column_padding_phone=&#8220;inherit&#8220; column_padding_position=&#8220;all&#8220; column_element_spacing=&#8220;default&#8220; background_color_opacity=&#8220;1&#8243; background_hover_color_opacity=&#8220;1&#8243; column_shadow=&#8220;none&#8220; column_border_radius=&#8220;none&#8220; column_link_target=&#8220;_self&#8220; gradient_direction=&#8220;left_to_right&#8220; overlay_strength=&#8220;0.3&#8243; width=&#8220;1\/1&#8243; tablet_width_inherit=&#8220;default&#8220;&#8230;<\/p>\n","protected":false},"author":1,"featured_media":0,"parent":0,"menu_order":7,"comment_status":"closed","ping_status":"closed","template":"","meta":{"footnotes":""},"class_list":["post-301","page","type-page","status-publish"],"yoast_head":"<!-- This site is optimized with the Yoast SEO plugin v25.5 - https:\/\/yoast.com\/wordpress\/plugins\/seo\/ -->\n<title>Uslovi kori\u0161\u0107enja - Incredible Destinations Events<\/title>\n<meta name=\"robots\" content=\"index, follow, max-snippet:-1, max-image-preview:large, max-video-preview:-1\" \/>\n<link rel=\"canonical\" href=\"https:\/\/incredibledestinations.events\/sr\/uslovi-koriscenja\/\" \/>\n<meta property=\"og:locale\" content=\"sr_RS\" \/>\n<meta property=\"og:type\" content=\"article\" \/>\n<meta property=\"og:title\" content=\"Uslovi kori\u0161\u0107enja - Incredible Destinations Events\" \/>\n<meta property=\"og:description\" content=\"[vc_row type=&#8220;in_container&#8220; full_screen_row_position=&#8220;middle&#8220; column_margin=&#8220;default&#8220; column_direction=&#8220;default&#8220; column_direction_tablet=&#8220;default&#8220; column_direction_phone=&#8220;default&#8220; scene_position=&#8220;center&#8220; text_color=&#8220;dark&#8220; text_align=&#8220;left&#8220; row_border_radius=&#8220;none&#8220; row_border_radius_applies=&#8220;bg&#8220; overlay_strength=&#8220;0.3&#8243; gradient_direction=&#8220;left_to_right&#8220; shape_divider_position=&#8220;bottom&#8220; bg_image_animation=&#8220;none&#8220;][vc_column column_padding=&#8220;no-extra-padding&#8220; column_padding_tablet=&#8220;inherit&#8220; column_padding_phone=&#8220;inherit&#8220; column_padding_position=&#8220;all&#8220; column_element_spacing=&#8220;default&#8220; background_color_opacity=&#8220;1&#8243; background_hover_color_opacity=&#8220;1&#8243; column_shadow=&#8220;none&#8220; column_border_radius=&#8220;none&#8220; column_link_target=&#8220;_self&#8220; gradient_direction=&#8220;left_to_right&#8220; overlay_strength=&#8220;0.3&#8243; width=&#8220;1\/1&#8243; tablet_width_inherit=&#8220;default&#8220;...\" \/>\n<meta property=\"og:url\" content=\"https:\/\/incredibledestinations.events\/sr\/uslovi-koriscenja\/\" \/>\n<meta property=\"og:site_name\" content=\"Incredible Destinations Events\" \/>\n<meta property=\"article:modified_time\" content=\"2021-09-21T12:09:40+00:00\" \/>\n<meta property=\"og:image\" content=\"https:\/\/incredibledestinations.events\/wp-content\/uploads\/2021\/09\/ide-landing.jpg\" \/>\n\t<meta property=\"og:image:width\" content=\"1800\" \/>\n\t<meta property=\"og:image:height\" content=\"813\" \/>\n\t<meta property=\"og:image:type\" content=\"image\/jpeg\" \/>\n<meta name=\"twitter:card\" content=\"summary_large_image\" \/>\n<meta name=\"twitter:label1\" content=\"Procenjeno vreme \u010ditanja\" \/>\n\t<meta name=\"twitter:data1\" content=\"4 minuta\" \/>\n<script type=\"application\/ld+json\" class=\"yoast-schema-graph\">{\"@context\":\"https:\/\/schema.org\",\"@graph\":[{\"@type\":\"WebPage\",\"@id\":\"https:\/\/incredibledestinations.events\/sr\/uslovi-koriscenja\/\",\"url\":\"https:\/\/incredibledestinations.events\/sr\/uslovi-koriscenja\/\",\"name\":\"Uslovi kori\u0161\u0107enja - Incredible Destinations Events\",\"isPartOf\":{\"@id\":\"https:\/\/incredibledestinations.events\/sr\/#website\"},\"datePublished\":\"2021-09-21T11:38:33+00:00\",\"dateModified\":\"2021-09-21T12:09:40+00:00\",\"breadcrumb\":{\"@id\":\"https:\/\/incredibledestinations.events\/sr\/uslovi-koriscenja\/#breadcrumb\"},\"inLanguage\":\"sr-RS\",\"potentialAction\":[{\"@type\":\"ReadAction\",\"target\":[\"https:\/\/incredibledestinations.events\/sr\/uslovi-koriscenja\/\"]}]},{\"@type\":\"BreadcrumbList\",\"@id\":\"https:\/\/incredibledestinations.events\/sr\/uslovi-koriscenja\/#breadcrumb\",\"itemListElement\":[{\"@type\":\"ListItem\",\"position\":1,\"name\":\"Home\",\"item\":\"https:\/\/incredibledestinations.events\/sr\/\"},{\"@type\":\"ListItem\",\"position\":2,\"name\":\"Uslovi kori\u0161\u0107enja\"}]},{\"@type\":\"WebSite\",\"@id\":\"https:\/\/incredibledestinations.events\/sr\/#website\",\"url\":\"https:\/\/incredibledestinations.events\/sr\/\",\"name\":\"Incredible Destinations Events\",\"description\":\"\",\"potentialAction\":[{\"@type\":\"SearchAction\",\"target\":{\"@type\":\"EntryPoint\",\"urlTemplate\":\"https:\/\/incredibledestinations.events\/sr\/?s={search_term_string}\"},\"query-input\":{\"@type\":\"PropertyValueSpecification\",\"valueRequired\":true,\"valueName\":\"search_term_string\"}}],\"inLanguage\":\"sr-RS\"}]}<\/script>\n<!-- \/ Yoast SEO plugin. -->","yoast_head_json":{"title":"Uslovi kori\u0161\u0107enja - Incredible Destinations Events","robots":{"index":"index","follow":"follow","max-snippet":"max-snippet:-1","max-image-preview":"max-image-preview:large","max-video-preview":"max-video-preview:-1"},"canonical":"https:\/\/incredibledestinations.events\/sr\/uslovi-koriscenja\/","og_locale":"sr_RS","og_type":"article","og_title":"Uslovi kori\u0161\u0107enja - Incredible Destinations Events","og_description":"[vc_row type=&#8220;in_container&#8220; full_screen_row_position=&#8220;middle&#8220; column_margin=&#8220;default&#8220; column_direction=&#8220;default&#8220; column_direction_tablet=&#8220;default&#8220; column_direction_phone=&#8220;default&#8220; scene_position=&#8220;center&#8220; text_color=&#8220;dark&#8220; text_align=&#8220;left&#8220; row_border_radius=&#8220;none&#8220; row_border_radius_applies=&#8220;bg&#8220; overlay_strength=&#8220;0.3&#8243; gradient_direction=&#8220;left_to_right&#8220; shape_divider_position=&#8220;bottom&#8220; bg_image_animation=&#8220;none&#8220;][vc_column column_padding=&#8220;no-extra-padding&#8220; column_padding_tablet=&#8220;inherit&#8220; column_padding_phone=&#8220;inherit&#8220; column_padding_position=&#8220;all&#8220; column_element_spacing=&#8220;default&#8220; background_color_opacity=&#8220;1&#8243; background_hover_color_opacity=&#8220;1&#8243; column_shadow=&#8220;none&#8220; column_border_radius=&#8220;none&#8220; column_link_target=&#8220;_self&#8220; gradient_direction=&#8220;left_to_right&#8220; overlay_strength=&#8220;0.3&#8243; width=&#8220;1\/1&#8243; tablet_width_inherit=&#8220;default&#8220;...","og_url":"https:\/\/incredibledestinations.events\/sr\/uslovi-koriscenja\/","og_site_name":"Incredible Destinations Events","article_modified_time":"2021-09-21T12:09:40+00:00","og_image":[{"width":1800,"height":813,"url":"https:\/\/incredibledestinations.events\/wp-content\/uploads\/2021\/09\/ide-landing.jpg","type":"image\/jpeg"}],"twitter_card":"summary_large_image","twitter_misc":{"Procenjeno vreme \u010ditanja":"4 minuta"},"schema":{"@context":"https:\/\/schema.org","@graph":[{"@type":"WebPage","@id":"https:\/\/incredibledestinations.events\/sr\/uslovi-koriscenja\/","url":"https:\/\/incredibledestinations.events\/sr\/uslovi-koriscenja\/","name":"Uslovi kori\u0161\u0107enja - Incredible Destinations Events","isPartOf":{"@id":"https:\/\/incredibledestinations.events\/sr\/#website"},"datePublished":"2021-09-21T11:38:33+00:00","dateModified":"2021-09-21T12:09:40+00:00","breadcrumb":{"@id":"https:\/\/incredibledestinations.events\/sr\/uslovi-koriscenja\/#breadcrumb"},"inLanguage":"sr-RS","potentialAction":[{"@type":"ReadAction","target":["https:\/\/incredibledestinations.events\/sr\/uslovi-koriscenja\/"]}]},{"@type":"BreadcrumbList","@id":"https:\/\/incredibledestinations.events\/sr\/uslovi-koriscenja\/#breadcrumb","itemListElement":[{"@type":"ListItem","position":1,"name":"Home","item":"https:\/\/incredibledestinations.events\/sr\/"},{"@type":"ListItem","position":2,"name":"Uslovi kori\u0161\u0107enja"}]},{"@type":"WebSite","@id":"https:\/\/incredibledestinations.events\/sr\/#website","url":"https:\/\/incredibledestinations.events\/sr\/","name":"Incredible Destinations Events","description":"","potentialAction":[{"@type":"SearchAction","target":{"@type":"EntryPoint","urlTemplate":"https:\/\/incredibledestinations.events\/sr\/?s={search_term_string}"},"query-input":{"@type":"PropertyValueSpecification","valueRequired":true,"valueName":"search_term_string"}}],"inLanguage":"sr-RS"}]}},"_links":{"self":[{"href":"https:\/\/incredibledestinations.events\/sr\/wp-json\/wp\/v2\/pages\/301","targetHints":{"allow":["GET"]}}],"collection":[{"href":"https:\/\/incredibledestinations.events\/sr\/wp-json\/wp\/v2\/pages"}],"about":[{"href":"https:\/\/incredibledestinations.events\/sr\/wp-json\/wp\/v2\/types\/page"}],"author":[{"embeddable":true,"href":"https:\/\/incredibledestinations.events\/sr\/wp-json\/wp\/v2\/users\/1"}],"replies":[{"embeddable":true,"href":"https:\/\/incredibledestinations.events\/sr\/wp-json\/wp\/v2\/comments?post=301"}],"version-history":[{"count":6,"href":"https:\/\/incredibledestinations.events\/sr\/wp-json\/wp\/v2\/pages\/301\/revisions"}],"predecessor-version":[{"id":333,"href":"https:\/\/incredibledestinations.events\/sr\/wp-json\/wp\/v2\/pages\/301\/revisions\/333"}],"wp:attachment":[{"href":"https:\/\/incredibledestinations.events\/sr\/wp-json\/wp\/v2\/media?parent=301"}],"curies":[{"name":"wp","href":"https:\/\/api.w.org\/{rel}","templated":true}]}}